{"id":29,"date":"2016-01-24T20:04:32","date_gmt":"2016-01-24T19:04:32","guid":{"rendered":"http:\/\/marvel01\/wordpress\/?page_id=29"},"modified":"2022-01-09T11:04:03","modified_gmt":"2022-01-09T10:04:03","slug":"startseite","status":"publish","type":"page","link":"https:\/\/dc-timeout.de\/","title":{"rendered":"Home"},"content":{"rendered":"<p><strong><span style=\"color: #ffff00;\">H<\/span>erzlich Willkommen auf unserer Website f\u00fcr Dart Freunde.<\/strong><\/p>\n<p><strong>Auf diesen Seiten findet ihr Informationen \u00fcber unseren Club, unsere Aktivit\u00e4ten und\u00a0unsere Mitglieder.<\/strong><\/p>\n<p><strong>Schaut euch einfach mal um. Aktuelles findet ihr in unserem Blog.<\/strong><\/p>\n<p><strong>Bei Anregungen oder Fragen k\u00f6nnt ihr uns nat\u00fcrlich eine Email schicken.<\/strong><\/p>\n<p><strong><a href=\"mailto:mail@dc-timeout.de\">mail@dc-timeout.de<\/a><\/strong><\/p>\n<p><strong><span style=\"color: #ffff00;\">V<\/span>iel Spa\u00df auf unseren Seiten!<\/strong><\/p>\n\n\n<p><\/p>\n","protected":false},"excerpt":{"rendered":"<p>Herzlich Willkommen auf unserer Website f\u00fcr Dart Freunde. Auf diesen Seiten findet ihr Informationen \u00fcber unseren Club, unsere Aktivit\u00e4ten und\u00a0unsere Mitglieder. Schaut euch einfach mal um. Aktuelles findet ihr in unserem Blog. Bei Anregungen oder Fragen k\u00f6nnt ihr uns nat\u00fcrlich eine Email schicken. mail@dc-timeout.de Viel Spa\u00df auf unseren Seiten!<\/p>\n","protected":false},"author":1,"featured_media":0,"parent":0,"menu_order":10,"comment_status":"closed","ping_status":"closed","template":"","meta":{"footnotes":""},"class_list":["post-29","page","type-page","status-publish","hentry"],"jetpack_sharing_enabled":true,"jetpack_shortlink":"https:\/\/wp.me\/P8yzRL-t","jetpack-related-posts":[],"_links":{"self":[{"href":"https:\/\/dc-timeout.de\/index.php?rest_route=\/wp\/v2\/pages\/29","targetHints":{"allow":["GET"]}}],"collection":[{"href":"https:\/\/dc-timeout.de\/index.php?rest_route=\/wp\/v2\/pages"}],"about":[{"href":"https:\/\/dc-timeout.de\/index.php?rest_route=\/wp\/v2\/types\/page"}],"author":[{"embeddable":true,"href":"https:\/\/dc-timeout.de\/index.php?rest_route=\/wp\/v2\/users\/1"}],"replies":[{"embeddable":true,"href":"https:\/\/dc-timeout.de\/index.php?rest_route=%2Fwp%2Fv2%2Fcomments&post=29"}],"version-history":[{"count":3,"href":"https:\/\/dc-timeout.de\/index.php?rest_route=\/wp\/v2\/pages\/29\/revisions"}],"predecessor-version":[{"id":649,"href":"https:\/\/dc-timeout.de\/index.php?rest_route=\/wp\/v2\/pages\/29\/revisions\/649"}],"wp:attachment":[{"href":"https:\/\/dc-timeout.de\/index.php?rest_route=%2Fwp%2Fv2%2Fmedia&parent=29"}],"curies":[{"name":"wp","href":"https:\/\/api.w.org\/{rel}","templated":true}]}}